{"id":94,"date":"2025-04-11T13:06:18","date_gmt":"2025-04-11T11:06:18","guid":{"rendered":"https:\/\/leclosdesmace.com\/?page_id=94"},"modified":"2025-04-28T11:18:13","modified_gmt":"2025-04-28T09:18:13","slug":"tarifs","status":"publish","type":"page","link":"https:\/\/leclosdesmace.com\/index.php\/tarifs\/","title":{"rendered":"Tarifs"},"content":{"rendered":"\n<p class=\"has-text-align-center\">Nous vous accueillons dans une chambre agr\u00e9able, <br>Au tarif de <strong>70\u20ac<\/strong> la nuit pour deux personnes, ou <strong>65\u20ac<\/strong> pour une personne seule.<br> Petits d\u00e9jeuner inclus.<\/p>\n\n\n\n<div class=\"wp-block-group alignfull has-global-padding is-layout-constrained wp-container-core-group-is-layout-490fa1db wp-block-group-is-layout-constrained\" style=\"padding-top:var(--wp--preset--spacing--50);padding-right:var(--wp--preset--spacing--50);padding-bottom:var(--wp--preset--spacing--50);padding-left:var(--wp--preset--spacing--50)\">\n<div class=\"wp-block-media-text is-stacked-on-mobile is-style-default\"><figure class=\"wp-block-media-text__media\"><img loading=\"lazy\" decoding=\"async\" width=\"2016\" height=\"980\" src=\"http:\/\/leclosdesmace.com\/wp-content\/uploads\/2025\/04\/IMG-20250325-WA0006-1.jpg\" alt=\"Chambre d'h\u00f4te en ille et vilaine- Bretagne\" class=\"wp-image-69 size-full\" srcset=\"https:\/\/leclosdesmace.com\/wp-content\/uploads\/2025\/04\/IMG-20250325-WA0006-1.jpg 2016w, https:\/\/leclosdesmace.com\/wp-content\/uploads\/2025\/04\/IMG-20250325-WA0006-1-300x146.jpg 300w, https:\/\/leclosdesmace.com\/wp-content\/uploads\/2025\/04\/IMG-20250325-WA0006-1-1024x498.jpg 1024w, https:\/\/leclosdesmace.com\/wp-content\/uploads\/2025\/04\/IMG-20250325-WA0006-1-768x373.jpg 768w, https:\/\/leclosdesmace.com\/wp-content\/uploads\/2025\/04\/IMG-20250325-WA0006-1-1536x747.jpg 1536w\" sizes=\"auto, (max-width: 2016px) 100vw, 2016px\" \/><\/figure><div class=\"wp-block-media-text__content\">\n<p>Vous aurez libre acc\u00e8s \u00e0 ma cuisine pour pr\u00e9parer vos repas.<\/p>\n<\/div><\/div>\n<\/div>\n\n\n\n<p>Nous vous recevrons \u00e0 partir de 16h00. D\u00e9part avant 12h00.<\/p>\n","protected":false},"excerpt":{"rendered":"<p>Nous vous accueillons dans une chambre agr\u00e9able, Au tarif de 70\u20ac la nuit pour deux personnes, ou 65\u20ac pour une personne seule. Petits d\u00e9jeuner inclus. Vous aurez libre acc\u00e8s \u00e0 ma cuisine pour pr\u00e9parer vos repas. Nous vous recevrons \u00e0 partir de 16h00. D\u00e9part avant 12h00.<\/p>\n","protected":false},"author":1,"featured_media":0,"parent":0,"menu_order":0,"comment_status":"closed","ping_status":"closed","template":"","meta":{"footnotes":""},"class_list":["post-94","page","type-page","status-publish","hentry"],"_links":{"self":[{"href":"https:\/\/leclosdesmace.com\/index.php\/wp-json\/wp\/v2\/pages\/94","targetHints":{"allow":["GET"]}}],"collection":[{"href":"https:\/\/leclosdesmace.com\/index.php\/wp-json\/wp\/v2\/pages"}],"about":[{"href":"https:\/\/leclosdesmace.com\/index.php\/wp-json\/wp\/v2\/types\/page"}],"author":[{"embeddable":true,"href":"https:\/\/leclosdesmace.com\/index.php\/wp-json\/wp\/v2\/users\/1"}],"replies":[{"embeddable":true,"href":"https:\/\/leclosdesmace.com\/index.php\/wp-json\/wp\/v2\/comments?post=94"}],"version-history":[{"count":18,"href":"https:\/\/leclosdesmace.com\/index.php\/wp-json\/wp\/v2\/pages\/94\/revisions"}],"predecessor-version":[{"id":331,"href":"https:\/\/leclosdesmace.com\/index.php\/wp-json\/wp\/v2\/pages\/94\/revisions\/331"}],"wp:attachment":[{"href":"https:\/\/leclosdesmace.com\/index.php\/wp-json\/wp\/v2\/media?parent=94"}],"curies":[{"name":"wp","href":"https:\/\/api.w.org\/{rel}","templated":true}]}}