{"id":231,"date":"2025-04-12T11:40:03","date_gmt":"2025-04-12T09:40:03","guid":{"rendered":"https:\/\/leclosdesmace.com\/?page_id=231"},"modified":"2025-10-22T19:07:42","modified_gmt":"2025-10-22T17:07:42","slug":"reservation","status":"publish","type":"page","link":"https:\/\/leclosdesmace.com\/index.php\/reservation\/","title":{"rendered":"R\u00e9servation"},"content":{"rendered":"\n<p class=\"has-text-align-center\">Pour toute r\u00e9servation, nous vous invitons \u00e0 nous contacter directement.<br>Vous pouvez soit nous \u00e9crire par <a href=\"https:\/\/leclosdesmace.com\/index.php\/nous-ecrire\/\" data-type=\"page\" data-id=\"101\">e-mail<\/a>, <br>Soit nous joindre par t\u00e9l\u00e9phone au 06 63 11 40 51<br><br>Notre \u00e9quipe se fera un plaisir de r\u00e9pondre \u00e0 vos demandes, de v\u00e9rifier les disponibilit\u00e9s et de vous accompagner dans l\u2019organisation de votre venue.<\/p>\n\n\n\n<p><\/p>\n","protected":false},"excerpt":{"rendered":"<p>Pour toute r\u00e9servation, nous vous invitons \u00e0 nous contacter directement.Vous pouvez soit nous \u00e9crire par e-mail, Soit nous joindre par t\u00e9l\u00e9phone au 06 63 11 40 51 Notre \u00e9quipe se fera un plaisir de r\u00e9pondre \u00e0 vos demandes, de v\u00e9rifier les disponibilit\u00e9s et de vous accompagner dans l\u2019organisation de votre venue.<\/p>\n","protected":false},"author":1,"featured_media":0,"parent":0,"menu_order":0,"comment_status":"closed","ping_status":"closed","template":"","meta":{"footnotes":""},"class_list":["post-231","page","type-page","status-publish","hentry"],"_links":{"self":[{"href":"https:\/\/leclosdesmace.com\/index.php\/wp-json\/wp\/v2\/pages\/231","targetHints":{"allow":["GET"]}}],"collection":[{"href":"https:\/\/leclosdesmace.com\/index.php\/wp-json\/wp\/v2\/pages"}],"about":[{"href":"https:\/\/leclosdesmace.com\/index.php\/wp-json\/wp\/v2\/types\/page"}],"author":[{"embeddable":true,"href":"https:\/\/leclosdesmace.com\/index.php\/wp-json\/wp\/v2\/users\/1"}],"replies":[{"embeddable":true,"href":"https:\/\/leclosdesmace.com\/index.php\/wp-json\/wp\/v2\/comments?post=231"}],"version-history":[{"count":25,"href":"https:\/\/leclosdesmace.com\/index.php\/wp-json\/wp\/v2\/pages\/231\/revisions"}],"predecessor-version":[{"id":350,"href":"https:\/\/leclosdesmace.com\/index.php\/wp-json\/wp\/v2\/pages\/231\/revisions\/350"}],"wp:attachment":[{"href":"https:\/\/leclosdesmace.com\/index.php\/wp-json\/wp\/v2\/media?parent=231"}],"curies":[{"name":"wp","href":"https:\/\/api.w.org\/{rel}","templated":true}]}}