{"id":2,"date":"2025-04-11T08:33:21","date_gmt":"2025-04-11T06:33:21","guid":{"rendered":"http:\/\/leclosdesmace.com\/?page_id=2"},"modified":"2025-08-21T09:44:48","modified_gmt":"2025-08-21T07:44:48","slug":"galerie","status":"publish","type":"page","link":"https:\/\/leclosdesmace.com\/index.php\/galerie\/","title":{"rendered":"Galerie"},"content":{"rendered":"\n<figure class=\"wp-block-gallery aligncenter has-nested-images columns-1 is-cropped wp-block-gallery-1 is-layout-flex wp-block-gallery-is-layout-flex\">\n<figure class=\"wp-block-image size-full\"><img loading=\"lazy\" decoding=\"async\" width=\"980\" height=\"2016\" data-id=\"80\" src=\"https:\/\/leclosdesmace.com\/wp-content\/uploads\/2025\/04\/IMG-20250325-WA0017.jpg\" alt=\"redon chambres d'hotes\" class=\"wp-image-80\" srcset=\"https:\/\/leclosdesmace.com\/wp-content\/uploads\/2025\/04\/IMG-20250325-WA0017.jpg 980w, https:\/\/leclosdesmace.com\/wp-content\/uploads\/2025\/04\/IMG-20250325-WA0017-146x300.jpg 146w, https:\/\/leclosdesmace.com\/wp-content\/uploads\/2025\/04\/IMG-20250325-WA0017-498x1024.jpg 498w, https:\/\/leclosdesmace.com\/wp-content\/uploads\/2025\/04\/IMG-20250325-WA0017-768x1580.jpg 768w, https:\/\/leclosdesmace.com\/wp-content\/uploads\/2025\/04\/IMG-20250325-WA0017-747x1536.jpg 747w\" sizes=\"auto, (max-width: 980px) 100vw, 980px\" \/><\/figure>\n\n\n\n<figure class=\"wp-block-image size-full\"><img loading=\"lazy\" decoding=\"async\" width=\"1440\" height=\"1164\" data-id=\"85\" src=\"https:\/\/leclosdesmace.com\/wp-content\/uploads\/2025\/04\/IMG-20250325-WA0022.jpg\" alt=\"chambres d'hotes redon 35600\" class=\"wp-image-85\" srcset=\"https:\/\/leclosdesmace.com\/wp-content\/uploads\/2025\/04\/IMG-20250325-WA0022.jpg 1440w, https:\/\/leclosdesmace.com\/wp-content\/uploads\/2025\/04\/IMG-20250325-WA0022-300x243.jpg 300w, https:\/\/leclosdesmace.com\/wp-content\/uploads\/2025\/04\/IMG-20250325-WA0022-1024x828.jpg 1024w, https:\/\/leclosdesmace.com\/wp-content\/uploads\/2025\/04\/IMG-20250325-WA0022-768x621.jpg 768w\" sizes=\"auto, (max-width: 1440px) 100vw, 1440px\" \/><\/figure>\n\n\n\n<figure class=\"wp-block-image size-full\"><img loading=\"lazy\" decoding=\"async\" width=\"2016\" height=\"980\" data-id=\"73\" src=\"https:\/\/leclosdesmace.com\/wp-content\/uploads\/2025\/04\/IMG-20250325-WA0010.jpg\" alt=\"chambre d'hote redon 35\" class=\"wp-image-73\" srcset=\"https:\/\/leclosdesmace.com\/wp-content\/uploads\/2025\/04\/IMG-20250325-WA0010.jpg 2016w, https:\/\/leclosdesmace.com\/wp-content\/uploads\/2025\/04\/IMG-20250325-WA0010-300x146.jpg 300w, https:\/\/leclosdesmace.com\/wp-content\/uploads\/2025\/04\/IMG-20250325-WA0010-1024x498.jpg 1024w, https:\/\/leclosdesmace.com\/wp-content\/uploads\/2025\/04\/IMG-20250325-WA0010-768x373.jpg 768w, https:\/\/leclosdesmace.com\/wp-content\/uploads\/2025\/04\/IMG-20250325-WA0010-1536x747.jpg 1536w\" sizes=\"auto, (max-width: 2016px) 100vw, 2016px\" \/><\/figure>\n\n\n\n<figure class=\"wp-block-image size-full\"><img loading=\"lazy\" decoding=\"async\" width=\"675\" height=\"900\" data-id=\"315\" src=\"http:\/\/leclosdesmace.com\/wp-content\/uploads\/2025\/04\/440512799.jpg\" alt=\"chambres d'h\u00f4tes redon\" class=\"wp-image-315\" srcset=\"https:\/\/leclosdesmace.com\/wp-content\/uploads\/2025\/04\/440512799.jpg 675w, https:\/\/leclosdesmace.com\/wp-content\/uploads\/2025\/04\/440512799-225x300.jpg 225w\" sizes=\"auto, (max-width: 675px) 100vw, 675px\" \/><\/figure>\n\n\n\n<figure class=\"wp-block-image size-full\"><img loading=\"lazy\" decoding=\"async\" width=\"2016\" height=\"980\" data-id=\"71\" src=\"https:\/\/leclosdesmace.com\/wp-content\/uploads\/2025\/04\/IMG-20250325-WA0008.jpg\" alt=\"Chambres h\u00f4tes redon et alentours\" class=\"wp-image-71\" srcset=\"https:\/\/leclosdesmace.com\/wp-content\/uploads\/2025\/04\/IMG-20250325-WA0008.jpg 2016w, https:\/\/leclosdesmace.com\/wp-content\/uploads\/2025\/04\/IMG-20250325-WA0008-300x146.jpg 300w, https:\/\/leclosdesmace.com\/wp-content\/uploads\/2025\/04\/IMG-20250325-WA0008-1024x498.jpg 1024w, https:\/\/leclosdesmace.com\/wp-content\/uploads\/2025\/04\/IMG-20250325-WA0008-768x373.jpg 768w, https:\/\/leclosdesmace.com\/wp-content\/uploads\/2025\/04\/IMG-20250325-WA0008-1536x747.jpg 1536w\" sizes=\"auto, (max-width: 2016px) 100vw, 2016px\" \/><\/figure>\n\n\n\n<figure class=\"wp-block-image size-full\"><img loading=\"lazy\" decoding=\"async\" width=\"1600\" height=\"777\" data-id=\"70\" src=\"https:\/\/leclosdesmace.com\/wp-content\/uploads\/2025\/04\/IMG-20250325-WA0007.jpg\" alt=\"chambres d hote a redon 35600\" class=\"wp-image-70\" srcset=\"https:\/\/leclosdesmace.com\/wp-content\/uploads\/2025\/04\/IMG-20250325-WA0007.jpg 1600w, https:\/\/leclosdesmace.com\/wp-content\/uploads\/2025\/04\/IMG-20250325-WA0007-300x146.jpg 300w, https:\/\/leclosdesmace.com\/wp-content\/uploads\/2025\/04\/IMG-20250325-WA0007-1024x497.jpg 1024w, https:\/\/leclosdesmace.com\/wp-content\/uploads\/2025\/04\/IMG-20250325-WA0007-768x373.jpg 768w, https:\/\/leclosdesmace.com\/wp-content\/uploads\/2025\/04\/IMG-20250325-WA0007-1536x746.jpg 1536w\" sizes=\"auto, (max-width: 1600px) 100vw, 1600px\" \/><\/figure>\n\n\n\n<figure class=\"wp-block-image size-full\"><img loading=\"lazy\" decoding=\"async\" width=\"1512\" height=\"2016\" data-id=\"57\" src=\"https:\/\/leclosdesmace.com\/wp-content\/uploads\/2025\/04\/IMG-20250325-WA0023.jpg\" alt=\"redon h\u00e9bergement chambre\" class=\"wp-image-57\" srcset=\"https:\/\/leclosdesmace.com\/wp-content\/uploads\/2025\/04\/IMG-20250325-WA0023.jpg 1512w, https:\/\/leclosdesmace.com\/wp-content\/uploads\/2025\/04\/IMG-20250325-WA0023-225x300.jpg 225w, https:\/\/leclosdesmace.com\/wp-content\/uploads\/2025\/04\/IMG-20250325-WA0023-768x1024.jpg 768w, https:\/\/leclosdesmace.com\/wp-content\/uploads\/2025\/04\/IMG-20250325-WA0023-1152x1536.jpg 1152w\" sizes=\"auto, (max-width: 1512px) 100vw, 1512px\" \/><\/figure>\n\n\n\n<figure class=\"wp-block-image size-full\"><img loading=\"lazy\" decoding=\"async\" width=\"777\" height=\"1600\" data-id=\"68\" src=\"https:\/\/leclosdesmace.com\/wp-content\/uploads\/2025\/04\/IMG-20250325-WA0005.jpg\" alt=\"h\u00e9bergement redon, chambres d'h\u00f4tes\" class=\"wp-image-68\" srcset=\"https:\/\/leclosdesmace.com\/wp-content\/uploads\/2025\/04\/IMG-20250325-WA0005.jpg 777w, https:\/\/leclosdesmace.com\/wp-content\/uploads\/2025\/04\/IMG-20250325-WA0005-146x300.jpg 146w, https:\/\/leclosdesmace.com\/wp-content\/uploads\/2025\/04\/IMG-20250325-WA0005-497x1024.jpg 497w, https:\/\/leclosdesmace.com\/wp-content\/uploads\/2025\/04\/IMG-20250325-WA0005-768x1581.jpg 768w, https:\/\/leclosdesmace.com\/wp-content\/uploads\/2025\/04\/IMG-20250325-WA0005-746x1536.jpg 746w\" sizes=\"auto, (max-width: 777px) 100vw, 777px\" \/><\/figure>\n\n\n\n<figure class=\"wp-block-image size-full\"><img loading=\"lazy\" decoding=\"async\" width=\"1600\" height=\"777\" data-id=\"63\" src=\"https:\/\/leclosdesmace.com\/wp-content\/uploads\/2025\/04\/IMG-20250325-WA0000.jpg\" alt=\"chambres d'h\u00f4tes \u00e0 redon\" class=\"wp-image-63\" srcset=\"https:\/\/leclosdesmace.com\/wp-content\/uploads\/2025\/04\/IMG-20250325-WA0000.jpg 1600w, https:\/\/leclosdesmace.com\/wp-content\/uploads\/2025\/04\/IMG-20250325-WA0000-300x146.jpg 300w, https:\/\/leclosdesmace.com\/wp-content\/uploads\/2025\/04\/IMG-20250325-WA0000-1024x497.jpg 1024w, https:\/\/leclosdesmace.com\/wp-content\/uploads\/2025\/04\/IMG-20250325-WA0000-768x373.jpg 768w, https:\/\/leclosdesmace.com\/wp-content\/uploads\/2025\/04\/IMG-20250325-WA0000-1536x746.jpg 1536w\" sizes=\"auto, (max-width: 1600px) 100vw, 1600px\" \/><\/figure>\n\n\n\n<figure class=\"wp-block-image size-full is-style-default\"><img loading=\"lazy\" decoding=\"async\" width=\"1512\" height=\"2016\" data-id=\"84\" src=\"https:\/\/leclosdesmace.com\/wp-content\/uploads\/2025\/04\/IMG-20250325-WA0021.jpg\" alt=\"chambre d'hotes 35 ille et vilaine\" class=\"wp-image-84\" srcset=\"https:\/\/leclosdesmace.com\/wp-content\/uploads\/2025\/04\/IMG-20250325-WA0021.jpg 1512w, https:\/\/leclosdesmace.com\/wp-content\/uploads\/2025\/04\/IMG-20250325-WA0021-225x300.jpg 225w, https:\/\/leclosdesmace.com\/wp-content\/uploads\/2025\/04\/IMG-20250325-WA0021-768x1024.jpg 768w, https:\/\/leclosdesmace.com\/wp-content\/uploads\/2025\/04\/IMG-20250325-WA0021-1152x1536.jpg 1152w\" sizes=\"auto, (max-width: 1512px) 100vw, 1512px\" \/><\/figure>\n\n\n\n<figure class=\"wp-block-image size-full\"><img loading=\"lazy\" decoding=\"async\" width=\"980\" height=\"2016\" data-id=\"46\" src=\"https:\/\/leclosdesmace.com\/wp-content\/uploads\/2025\/04\/IMG-20250411-WA0000.jpg\" alt=\"chambre d'h\u00f4te, redon 35600\" class=\"wp-image-46\" srcset=\"https:\/\/leclosdesmace.com\/wp-content\/uploads\/2025\/04\/IMG-20250411-WA0000.jpg 980w, https:\/\/leclosdesmace.com\/wp-content\/uploads\/2025\/04\/IMG-20250411-WA0000-146x300.jpg 146w, https:\/\/leclosdesmace.com\/wp-content\/uploads\/2025\/04\/IMG-20250411-WA0000-498x1024.jpg 498w, https:\/\/leclosdesmace.com\/wp-content\/uploads\/2025\/04\/IMG-20250411-WA0000-768x1580.jpg 768w, https:\/\/leclosdesmace.com\/wp-content\/uploads\/2025\/04\/IMG-20250411-WA0000-747x1536.jpg 747w\" sizes=\"auto, (max-width: 980px) 100vw, 980px\" \/><\/figure>\n\n\n\n<figure class=\"wp-block-image size-full\"><img loading=\"lazy\" decoding=\"async\" width=\"960\" height=\"593\" data-id=\"47\" src=\"https:\/\/leclosdesmace.com\/wp-content\/uploads\/2025\/04\/Petit-dej.jpg\" alt=\"chambre d'hote saint nicolas de redon\" class=\"wp-image-47\" srcset=\"https:\/\/leclosdesmace.com\/wp-content\/uploads\/2025\/04\/Petit-dej.jpg 960w, https:\/\/leclosdesmace.com\/wp-content\/uploads\/2025\/04\/Petit-dej-300x185.jpg 300w, https:\/\/leclosdesmace.com\/wp-content\/uploads\/2025\/04\/Petit-dej-768x474.jpg 768w\" sizes=\"auto, (max-width: 960px) 100vw, 960px\" \/><\/figure>\n<\/figure>\n\n\n\n<p class=\"has-text-align-center\">Le cadre est calme et bucolique, avec des poules et des moutons dans le jardin \u2013 parfait pour un s\u00e9jour ressour\u00e7ant au c\u0153ur de la nature !<\/p>\n\n\n\n<figure class=\"wp-block-image size-large\"><img loading=\"lazy\" decoding=\"async\" width=\"1024\" height=\"498\" src=\"http:\/\/leclosdesmace.com\/wp-content\/uploads\/2025\/04\/IMG-20250417-WA0002-1024x498.jpg\" alt=\"Chambres d'h\u00f4tes en Ille-et-Vilaine 35\" class=\"wp-image-318\" srcset=\"https:\/\/leclosdesmace.com\/wp-content\/uploads\/2025\/04\/IMG-20250417-WA0002-1024x498.jpg 1024w, https:\/\/leclosdesmace.com\/wp-content\/uploads\/2025\/04\/IMG-20250417-WA0002-300x146.jpg 300w, https:\/\/leclosdesmace.com\/wp-content\/uploads\/2025\/04\/IMG-20250417-WA0002-768x373.jpg 768w, https:\/\/leclosdesmace.com\/wp-content\/uploads\/2025\/04\/IMG-20250417-WA0002-1536x747.jpg 1536w, https:\/\/leclosdesmace.com\/wp-content\/uploads\/2025\/04\/IMG-20250417-WA0002.jpg 2016w\" sizes=\"auto, (max-width: 1024px) 100vw, 1024px\" \/><\/figure>\n\n\n\n<figure class=\"wp-block-gallery aligncenter has-nested-images columns-1 is-cropped wp-block-gallery-2 is-layout-flex wp-block-gallery-is-layout-flex\">\n<figure class=\"wp-block-image size-full\"><img loading=\"lazy\" decoding=\"async\" width=\"2016\" height=\"980\" data-id=\"339\" src=\"https:\/\/leclosdesmace.com\/wp-content\/uploads\/2025\/08\/Terasse-01-1.jpg\" alt=\"chambre d'h\u00f4tes redon\" class=\"wp-image-339\" srcset=\"https:\/\/leclosdesmace.com\/wp-content\/uploads\/2025\/08\/Terasse-01-1.jpg 2016w, https:\/\/leclosdesmace.com\/wp-content\/uploads\/2025\/08\/Terasse-01-1-300x146.jpg 300w, https:\/\/leclosdesmace.com\/wp-content\/uploads\/2025\/08\/Terasse-01-1-1024x498.jpg 1024w, https:\/\/leclosdesmace.com\/wp-content\/uploads\/2025\/08\/Terasse-01-1-768x373.jpg 768w, https:\/\/leclosdesmace.com\/wp-content\/uploads\/2025\/08\/Terasse-01-1-1536x747.jpg 1536w\" sizes=\"auto, (max-width: 2016px) 100vw, 2016px\" \/><\/figure>\n\n\n\n<figure class=\"wp-block-image size-full\"><img loading=\"lazy\" decoding=\"async\" width=\"2016\" height=\"980\" data-id=\"340\" src=\"https:\/\/leclosdesmace.com\/wp-content\/uploads\/2025\/08\/Terasse-02.jpg\" alt=\"Chambres d'h\u00f4tes a Redon \" class=\"wp-image-340\" srcset=\"https:\/\/leclosdesmace.com\/wp-content\/uploads\/2025\/08\/Terasse-02.jpg 2016w, https:\/\/leclosdesmace.com\/wp-content\/uploads\/2025\/08\/Terasse-02-300x146.jpg 300w, https:\/\/leclosdesmace.com\/wp-content\/uploads\/2025\/08\/Terasse-02-1024x498.jpg 1024w, https:\/\/leclosdesmace.com\/wp-content\/uploads\/2025\/08\/Terasse-02-768x373.jpg 768w, https:\/\/leclosdesmace.com\/wp-content\/uploads\/2025\/08\/Terasse-02-1536x747.jpg 1536w\" sizes=\"auto, (max-width: 2016px) 100vw, 2016px\" \/><\/figure>\n\n\n\n<figure class=\"wp-block-image size-full\"><img loading=\"lazy\" decoding=\"async\" width=\"768\" height=\"1024\" data-id=\"76\" src=\"https:\/\/leclosdesmace.com\/wp-content\/uploads\/2025\/04\/IMG-20250325-WA0013.jpg\" alt=\"r\u00e9server une chambre \u00e0 Redon\" class=\"wp-image-76\" srcset=\"https:\/\/leclosdesmace.com\/wp-content\/uploads\/2025\/04\/IMG-20250325-WA0013.jpg 768w, https:\/\/leclosdesmace.com\/wp-content\/uploads\/2025\/04\/IMG-20250325-WA0013-225x300.jpg 225w\" sizes=\"auto, (max-width: 768px) 100vw, 768px\" \/><\/figure>\n\n\n\n<figure class=\"wp-block-image size-full has-custom-border is-style-default\"><img loading=\"lazy\" decoding=\"async\" width=\"1024\" height=\"768\" data-id=\"77\" src=\"https:\/\/leclosdesmace.com\/wp-content\/uploads\/2025\/04\/IMG-20250325-WA0014-1.jpg\" alt=\"Chambres d'h\u00f4tes a Redon\" class=\"wp-image-77\" style=\"border-style:none;border-width:0px\" srcset=\"https:\/\/leclosdesmace.com\/wp-content\/uploads\/2025\/04\/IMG-20250325-WA0014-1.jpg 1024w, https:\/\/leclosdesmace.com\/wp-content\/uploads\/2025\/04\/IMG-20250325-WA0014-1-300x225.jpg 300w, https:\/\/leclosdesmace.com\/wp-content\/uploads\/2025\/04\/IMG-20250325-WA0014-1-768x576.jpg 768w\" sizes=\"auto, (max-width: 1024px) 100vw, 1024px\" \/><\/figure>\n\n\n\n<figure class=\"wp-block-image size-full\"><img loading=\"lazy\" decoding=\"async\" width=\"1024\" height=\"768\" data-id=\"78\" src=\"https:\/\/leclosdesmace.com\/wp-content\/uploads\/2025\/04\/IMG-20250325-WA0015.jpg\" alt=\"chambres d hotes maison redon \" class=\"wp-image-78\" srcset=\"https:\/\/leclosdesmace.com\/wp-content\/uploads\/2025\/04\/IMG-20250325-WA0015.jpg 1024w, https:\/\/leclosdesmace.com\/wp-content\/uploads\/2025\/04\/IMG-20250325-WA0015-300x225.jpg 300w, https:\/\/leclosdesmace.com\/wp-content\/uploads\/2025\/04\/IMG-20250325-WA0015-768x576.jpg 768w\" sizes=\"auto, (max-width: 1024px) 100vw, 1024px\" \/><\/figure>\n\n\n\n<figure class=\"wp-block-image size-full\"><img loading=\"lazy\" decoding=\"async\" width=\"1024\" height=\"768\" data-id=\"75\" src=\"https:\/\/leclosdesmace.com\/wp-content\/uploads\/2025\/04\/IMG-20250325-WA0012.jpg\" alt=\"chambres d'hote redon\" class=\"wp-image-75\" srcset=\"https:\/\/leclosdesmace.com\/wp-content\/uploads\/2025\/04\/IMG-20250325-WA0012.jpg 1024w, https:\/\/leclosdesmace.com\/wp-content\/uploads\/2025\/04\/IMG-20250325-WA0012-300x225.jpg 300w, https:\/\/leclosdesmace.com\/wp-content\/uploads\/2025\/04\/IMG-20250325-WA0012-768x576.jpg 768w\" sizes=\"auto, (max-width: 1024px) 100vw, 1024px\" \/><\/figure>\n\n\n\n<figure class=\"wp-block-image size-full\"><img loading=\"lazy\" decoding=\"async\" width=\"2016\" height=\"1512\" data-id=\"58\" src=\"https:\/\/leclosdesmace.com\/wp-content\/uploads\/2025\/04\/IMG-20250325-WA0024.jpg\" alt=\"redon chambre d'hotes\" class=\"wp-image-58\" srcset=\"https:\/\/leclosdesmace.com\/wp-content\/uploads\/2025\/04\/IMG-20250325-WA0024.jpg 2016w, https:\/\/leclosdesmace.com\/wp-content\/uploads\/2025\/04\/IMG-20250325-WA0024-300x225.jpg 300w, https:\/\/leclosdesmace.com\/wp-content\/uploads\/2025\/04\/IMG-20250325-WA0024-1024x768.jpg 1024w, https:\/\/leclosdesmace.com\/wp-content\/uploads\/2025\/04\/IMG-20250325-WA0024-768x576.jpg 768w, https:\/\/leclosdesmace.com\/wp-content\/uploads\/2025\/04\/IMG-20250325-WA0024-1536x1152.jpg 1536w\" sizes=\"auto, (max-width: 2016px) 100vw, 2016px\" \/><\/figure>\n\n\n\n<figure class=\"wp-block-image size-full\"><img loading=\"lazy\" decoding=\"async\" width=\"980\" height=\"1326\" data-id=\"320\" src=\"http:\/\/leclosdesmace.com\/wp-content\/uploads\/2025\/04\/IMG-20250424-WA0001-1.jpg\" alt=\"H\u00e9bergement en Bretagne, 35 Redon, chambre d'h\u00f4tes \" class=\"wp-image-320\" srcset=\"https:\/\/leclosdesmace.com\/wp-content\/uploads\/2025\/04\/IMG-20250424-WA0001-1.jpg 980w, https:\/\/leclosdesmace.com\/wp-content\/uploads\/2025\/04\/IMG-20250424-WA0001-1-222x300.jpg 222w, https:\/\/leclosdesmace.com\/wp-content\/uploads\/2025\/04\/IMG-20250424-WA0001-1-757x1024.jpg 757w, https:\/\/leclosdesmace.com\/wp-content\/uploads\/2025\/04\/IMG-20250424-WA0001-1-768x1039.jpg 768w\" sizes=\"auto, (max-width: 980px) 100vw, 980px\" \/><\/figure>\n<\/figure>\n","protected":false},"excerpt":{"rendered":"<p>Le cadre est calme et bucolique, avec des poules et des moutons dans le jardin \u2013 parfait pour un s\u00e9jour ressour\u00e7ant au c\u0153ur de la nature !<\/p>\n","protected":false},"author":1,"featured_media":0,"parent":0,"menu_order":0,"comment_status":"closed","ping_status":"closed","template":"","meta":{"footnotes":""},"class_list":["post-2","page","type-page","status-publish","hentry"],"_links":{"self":[{"href":"https:\/\/leclosdesmace.com\/index.php\/wp-json\/wp\/v2\/pages\/2","targetHints":{"allow":["GET"]}}],"collection":[{"href":"https:\/\/leclosdesmace.com\/index.php\/wp-json\/wp\/v2\/pages"}],"about":[{"href":"https:\/\/leclosdesmace.com\/index.php\/wp-json\/wp\/v2\/types\/page"}],"author":[{"embeddable":true,"href":"https:\/\/leclosdesmace.com\/index.php\/wp-json\/wp\/v2\/users\/1"}],"replies":[{"embeddable":true,"href":"https:\/\/leclosdesmace.com\/index.php\/wp-json\/wp\/v2\/comments?post=2"}],"version-history":[{"count":25,"href":"https:\/\/leclosdesmace.com\/index.php\/wp-json\/wp\/v2\/pages\/2\/revisions"}],"predecessor-version":[{"id":341,"href":"https:\/\/leclosdesmace.com\/index.php\/wp-json\/wp\/v2\/pages\/2\/revisions\/341"}],"wp:attachment":[{"href":"https:\/\/leclosdesmace.com\/index.php\/wp-json\/wp\/v2\/media?parent=2"}],"curies":[{"name":"wp","href":"https:\/\/api.w.org\/{rel}","templated":true}]}}